{"id":1951,"date":"2023-08-07T18:12:10","date_gmt":"2023-08-07T18:12:10","guid":{"rendered":"https:\/\/uniondeprofesionistasdeguerreroac.org\/?page_id=1951"},"modified":"2023-08-10T18:44:15","modified_gmt":"2023-08-10T18:44:15","slug":"reuniones-de-trabajo","status":"publish","type":"page","link":"https:\/\/uniondeprofesionistasdeguerreroac.org\/index.php\/reuniones-de-trabajo\/","title":{"rendered":"Reuniones de trabajo"},"content":{"rendered":"\n<section class=\"content-carts-reunion\">\n        <article class=\"articulo\">\n            <img decoding=\"async\" class=\"img-r-articulo\" src=\"https:\/\/uniondeprofesionistasdeguerreroac.org\/wp-content\/uploads\/2023\/08\/WhatsApp-Image-2023-08-09-at-12.03.58-PM-3.jpeg\" alt=\"\">\n            <p>\n                Con una excelente participaci\u00f3n reanud\u00f3 sus actividades la Uni\u00f3n de profesionistas del Estado de Guerrero A.C. Conformada por Profesionistas, empresarios y ciudadanos que buscan contribuir, mejorar y dar soluci\u00f3n a diversas situaciones que se viven en el estado.\n                entre las propuestas esta el presentar iniciativas de ley y trabajar en programas que beneficien a toda la sociedad.\n            <\/p>\n            <p>Est\u00e1 asociaci\u00f3n es presidida por el Lic. Fidel Serrato Valdez.<\/p>\n            <button type=\"button\" class=\"btn\" value=\"1\" id=\"btn-carrusel\">Ver imagenes<\/button>\n        <\/article>\n\n        <article class=\"articulo\">\n            <img decoding=\"async\" class=\"img-r-articulo\" src=\"http:\/\/uniondeprofesionistasdeguerreroac.org\/wp-content\/uploads\/2023\/08\/WhatsApp-Image-2023-08-09-at-12.07.35-PM-2.jpeg\" alt=\"\">\n            <button type=\"button\" class=\"btn\" value=\"2\" id=\"btn-carrusel\">Ver imagenes<\/button>\n        <\/article>\n\n        <article class=\"articulo\">\n            <img decoding=\"async\" class=\"img-r-articulo\" src=\"http:\/\/uniondeprofesionistasdeguerreroac.org\/wp-content\/uploads\/2023\/08\/WhatsApp-Image-2023-08-09-at-12.08.31-PM-4.jpeg\" alt=\"\">\n            <p>\n                Durante la sesi\u00f3n mensual correspondiente al mes de julio de la Uni\u00f3n de Profesionistas de Guerrero A.C. se trataron dos temas importantes; El reglamento de mercados del municipio de Acapulco y la construcci\u00f3n del ISSSTE en el Centro de Convenciones.\n                Sobre estos dos temas se escucharon importantes an\u00e1lisis de expertos y se llegaron a ciertos acuerdos para iniciar un plan de acci\u00f3n basado en la opini\u00f3n de los que saben. \n            <\/p>\n            <p>\n                La UPG est\u00e1 encabezada por el Licenciado Fidel Serrato Valdez y est\u00e1 integrada por Arquitectos, Abogados, Ingenieros, M\u00e9dicos, Inmobiliariarios, Contadores, Especialistas, Psic\u00f3logos, Empresarios, Presidentes de C\u00e1maras, Asociaciones como Amexme, Ampi, CMIC, Grupos e interesados quienes a trav\u00e9s de su conocimiento est\u00e1n aportando lo mejor por el bien de Guerrero.\n            <\/p>\n            <button type=\"button\" class=\"btn\" value=\"3\" id=\"btn-carrusel\">Ver imagenes<\/button>\n        <\/article>\n\n        <article class=\"articulo\">\n            <img decoding=\"async\" class=\"img-r-articulo\" src=\"http:\/\/uniondeprofesionistasdeguerreroac.org\/wp-content\/uploads\/2023\/08\/WhatsApp-Image-2023-08-09-at-12.10.04-PM.jpeg\" alt=\"\">\n            <p>\n                Durante la sesi\u00f3n mensual correspondiente al mes de julio de la Uni\u00f3n de Profesionistas de \n                Guerrero A.C.  que precide el Licenciado Fidel Serrato Valdez, se cont\u00f3 con la asistencia \n                de la Presidenta del Colegio de Contadores del Estado de Guerrero Guri.\n            <\/p>\n            <p>\n                Ah\u00ed se retom\u00f3 a iniciativa de los asistentes el an\u00e1lisis y comparativo del reglamento de \n                mercados del municipio de Acapulco, as\u00ed como las pr\u00f3ximas iniciativas que se presentar\u00e1n \n                ante el congreso del estado y que se fundamentaron con la opinion de expertos.\n            <\/p>\n            <p>\n                La UPG est\u00e1 encabezada por el Licenciado Fidel Serrato Valdez y est\u00e1 integrada por \n                Arquitectos, Abogados, Ingenieros, M\u00e9dicos, Inmobiliariarios, Contadores, Especialistas, \n                Psic\u00f3logos, Empresarios, Presidentes de C\u00e1maras, Asociaciones como Amexme, Ampi, CMIC, \n                Grupos e interesados quienes a trav\u00e9s de su conocimiento est\u00e1n aportando lo mejor por el \n                bien de Guerrero.\n            <\/p>\n            <button type=\"button\" class=\"btn\" value=\"4\" id=\"btn-carrusel\">Ver imagenes<\/button>\n        <\/article>\n    <\/section>\n\n    <div class=\"carousel bloqueo\">\n        <img decoding=\"async\" id=\"imagenes\" width=\"700\" src=\"\" alt=\"\">\n    <\/div>\n\n\n\n    <script>\n        window.onload = function () {\n            var carrusel = document.querySelector('.carousel');\n            var ctlImg = document.getElementById('imagenes');\n            var btnImg = document.querySelectorAll('.btn');\n\n            const timeIntervalo = 3000;\n            let posicionActual = 0;\n            var intervalo;\n            var num = 0;\n\n            const IMAGENES = [\n                {\n                    \"0\": 'https:\/\/uniondeprofesionistasdeguerreroac.org\/wp-content\/uploads\/2023\/08\/WhatsApp-Image-2023-08-09-at-12.03.58-PM-4.jpeg',\n                    \"1\": 'https:\/\/uniondeprofesionistasdeguerreroac.org\/wp-content\/uploads\/2023\/08\/WhatsApp-Image-2023-08-09-at-12.03.58-PM-3.jpeg',\n                    \"2\": 'https:\/\/uniondeprofesionistasdeguerreroac.org\/wp-content\/uploads\/2023\/08\/WhatsApp-Image-2023-08-09-at-12.03.58-PM-2.jpeg',\n                    \"3\": 'https:\/\/uniondeprofesionistasdeguerreroac.org\/wp-content\/uploads\/2023\/08\/WhatsApp-Image-2023-08-09-at-12.03.58-PM-1.jpeg',\n                    \"4\": 'https:\/\/uniondeprofesionistasdeguerreroac.org\/wp-content\/uploads\/2023\/08\/WhatsApp-Image-2023-08-09-at-12.03.58-PM.jpeg',\n                    \"5\": 'https:\/\/uniondeprofesionistasdeguerreroac.org\/wp-content\/uploads\/2023\/08\/WhatsApp-Image-2023-08-09-at-12.03.59-PM-3.jpeg',\n                    \"6\": 'https:\/\/uniondeprofesionistasdeguerreroac.org\/wp-content\/uploads\/2023\/08\/WhatsApp-Image-2023-08-09-at-12.03.59-PM-2.jpeg',\n                    \"7\": 'https:\/\/uniondeprofesionistasdeguerreroac.org\/wp-content\/uploads\/2023\/08\/WhatsApp-Image-2023-08-09-at-12.03.59-PM-1.jpeg',\n                    \"8\": 'https:\/\/uniondeprofesionistasdeguerreroac.org\/wp-content\/uploads\/2023\/08\/WhatsApp-Image-2023-08-09-at-12.03.59-PM.jpeg'  \n                },\n                {\n                    \"0\": 'http:\/\/uniondeprofesionistasdeguerreroac.org\/wp-content\/uploads\/2023\/08\/WhatsApp-Image-2023-08-09-at-12.08.27-PM.jpeg',\n                    \"1\": 'http:\/\/uniondeprofesionistasdeguerreroac.org\/wp-content\/uploads\/2023\/08\/WhatsApp-Image-2023-08-09-at-12.07.35-PM-6.jpeg',\n                    \"2\": 'http:\/\/uniondeprofesionistasdeguerreroac.org\/wp-content\/uploads\/2023\/08\/WhatsApp-Image-2023-08-09-at-12.07.35-PM-5.jpeg',\n                    \"3\": 'http:\/\/uniondeprofesionistasdeguerreroac.org\/wp-content\/uploads\/2023\/08\/WhatsApp-Image-2023-08-09-at-12.07.35-PM-4.jpeg',\n                    \"4\": 'http:\/\/uniondeprofesionistasdeguerreroac.org\/wp-content\/uploads\/2023\/08\/WhatsApp-Image-2023-08-09-at-12.07.35-PM-3.jpeg',\n                    \"5\": 'http:\/\/uniondeprofesionistasdeguerreroac.org\/wp-content\/uploads\/2023\/08\/WhatsApp-Image-2023-08-09-at-12.07.35-PM-2.jpeg',\n                    \"6\": 'http:\/\/uniondeprofesionistasdeguerreroac.org\/wp-content\/uploads\/2023\/08\/WhatsApp-Image-2023-08-09-at-12.07.35-PM-1.jpeg',\n                    \"7\": 'http:\/\/uniondeprofesionistasdeguerreroac.org\/wp-content\/uploads\/2023\/08\/WhatsApp-Image-2023-08-09-at-12.07.35-PM.jpeg'\n                },\n                {\n                    \"0\": 'http:\/\/uniondeprofesionistasdeguerreroac.org\/wp-content\/uploads\/2023\/08\/WhatsApp-Image-2023-08-09-at-12.08.32-PM-2.jpeg',\n                    \"1\": 'http:\/\/uniondeprofesionistasdeguerreroac.org\/wp-content\/uploads\/2023\/08\/WhatsApp-Image-2023-08-09-at-12.08.32-PM-1.jpeg',\n                    \"2\": 'http:\/\/uniondeprofesionistasdeguerreroac.org\/wp-content\/uploads\/2023\/08\/WhatsApp-Image-2023-08-09-at-12.08.32-PM.jpeg',\n                    \"3\": 'http:\/\/uniondeprofesionistasdeguerreroac.org\/wp-content\/uploads\/2023\/08\/WhatsApp-Image-2023-08-09-at-12.08.31-PM-5.jpeg',\n                    \"4\": 'http:\/\/uniondeprofesionistasdeguerreroac.org\/wp-content\/uploads\/2023\/08\/WhatsApp-Image-2023-08-09-at-12.08.31-PM-4.jpeg',\n                    \"5\": 'http:\/\/uniondeprofesionistasdeguerreroac.org\/wp-content\/uploads\/2023\/08\/WhatsApp-Image-2023-08-09-at-12.08.31-PM-3.jpeg',\n                    \"6\": 'http:\/\/uniondeprofesionistasdeguerreroac.org\/wp-content\/uploads\/2023\/08\/WhatsApp-Image-2023-08-09-at-12.08.31-PM-2.jpeg',\n                    \"7\": 'http:\/\/uniondeprofesionistasdeguerreroac.org\/wp-content\/uploads\/2023\/08\/WhatsApp-Image-2023-08-09-at-12.08.31-PM-1.jpeg',\n                    \"8\": 'http:\/\/uniondeprofesionistasdeguerreroac.org\/wp-content\/uploads\/2023\/08\/WhatsApp-Image-2023-08-09-at-12.08.31-PM.jpeg',\n                    \"9\": 'http:\/\/uniondeprofesionistasdeguerreroac.org\/wp-content\/uploads\/2023\/08\/WhatsApp-Image-2023-08-09-at-12.08.30-PM-3.jpeg',\n                    \"10\": 'http:\/\/uniondeprofesionistasdeguerreroac.org\/wp-content\/uploads\/2023\/08\/WhatsApp-Image-2023-08-09-at-12.08.30-PM-2.jpeg',\n                    \"11\": 'http:\/\/uniondeprofesionistasdeguerreroac.org\/wp-content\/uploads\/2023\/08\/WhatsApp-Image-2023-08-09-at-12.08.30-PM-1.jpeg',\n                    \"12\": 'http:\/\/uniondeprofesionistasdeguerreroac.org\/wp-content\/uploads\/2023\/08\/WhatsApp-Image-2023-08-09-at-12.08.30-PM.jpeg',\n                    \"13\": 'http:\/\/uniondeprofesionistasdeguerreroac.org\/wp-content\/uploads\/2023\/08\/WhatsApp-Image-2023-08-09-at-12.08.27-PM-1.jpeg'\n                },\n                {\n                    \"0\": 'http:\/\/uniondeprofesionistasdeguerreroac.org\/wp-content\/uploads\/2023\/08\/WhatsApp-Image-2023-08-09-at-12.10.47-PM.jpeg',\n                    \"1\": 'http:\/\/uniondeprofesionistasdeguerreroac.org\/wp-content\/uploads\/2023\/08\/WhatsApp-Image-2023-08-09-at-12.10.31-PM.jpeg',\n                    \"2\": 'http:\/\/uniondeprofesionistasdeguerreroac.org\/wp-content\/uploads\/2023\/08\/WhatsApp-Image-2023-08-09-at-12.10.04-PM.jpeg',\n                    \"3\": 'http:\/\/uniondeprofesionistasdeguerreroac.org\/wp-content\/uploads\/2023\/08\/WhatsApp-Image-2023-08-09-at-12.09.52-PM.jpeg',\n                }\n            ];\n\n            const cuandoSeHaceClick = function (eje) {\n                carrusel.classList.toggle('active');\n                playfoto();\n            }\n            btnImg.forEach(boton => {\n                boton.addEventListener(\"click\", () => {\n                    cuandoSeHaceClick(boton.value)\n                    \/\/ console.log(boton.value);\n                    renderizarImagen();\n                    num = boton.value-1;\n                });\n            });\n            carrusel.addEventListener(\"click\", () => {\n                carrusel.classList.toggle('active');\n                clearInterval(intervalo);\n                posicionActual = 0;\n            });\n\n\n            function pasarFoto() {\n                if(posicionActual == Object.values(IMAGENES[num]).length - 1) {\n                    posicionActual = 0;\n                } else {\n                    posicionActual++;\n                }\n                renderizarImagen();\n            }\n\n            function renderizarImagen() {\n                ctlImg.src = `${IMAGENES[num][posicionActual]}`;\n            }\n\n            function playfoto() {\n                intervalo = setInterval(pasarFoto, timeIntervalo);\n            }\n        }\n    <\/script>\n","protected":false},"excerpt":{"rendered":"<div class=\"mh-excerpt\"><p>Con una excelente participaci\u00f3n reanud\u00f3 sus actividades la Uni\u00f3n de profesionistas del Estado de Guerrero A.C. Conformada por Profesionistas, empresarios y ciudadanos que buscan contribuir, <a class=\"mh-excerpt-more\" href=\"https:\/\/uniondeprofesionistasdeguerreroac.org\/index.php\/reuniones-de-trabajo\/\" title=\"Reuniones de trabajo\">[&#8230;]<\/a><\/p>\n<\/div>","protected":false},"author":1,"featured_media":0,"parent":0,"menu_order":0,"comment_status":"closed","ping_status":"closed","template":"","meta":{"om_disable_all_campaigns":false,"_monsterinsights_skip_tracking":false,"_monsterinsights_sitenote_active":false,"_monsterinsights_sitenote_note":"","_monsterinsights_sitenote_category":0,"footnotes":""},"aioseo_notices":[],"_links":{"self":[{"href":"https:\/\/uniondeprofesionistasdeguerreroac.org\/index.php\/wp-json\/wp\/v2\/pages\/1951"}],"collection":[{"href":"https:\/\/uniondeprofesionistasdeguerreroac.org\/index.php\/wp-json\/wp\/v2\/pages"}],"about":[{"href":"https:\/\/uniondeprofesionistasdeguerreroac.org\/index.php\/wp-json\/wp\/v2\/types\/page"}],"author":[{"embeddable":true,"href":"https:\/\/uniondeprofesionistasdeguerreroac.org\/index.php\/wp-json\/wp\/v2\/users\/1"}],"replies":[{"embeddable":true,"href":"https:\/\/uniondeprofesionistasdeguerreroac.org\/index.php\/wp-json\/wp\/v2\/comments?post=1951"}],"version-history":[{"count":6,"href":"https:\/\/uniondeprofesionistasdeguerreroac.org\/index.php\/wp-json\/wp\/v2\/pages\/1951\/revisions"}],"predecessor-version":[{"id":2163,"href":"https:\/\/uniondeprofesionistasdeguerreroac.org\/index.php\/wp-json\/wp\/v2\/pages\/1951\/revisions\/2163"}],"wp:attachment":[{"href":"https:\/\/uniondeprofesionistasdeguerreroac.org\/index.php\/wp-json\/wp\/v2\/media?parent=1951"}],"curies":[{"name":"wp","href":"https:\/\/api.w.org\/{rel}","templated":true}]}}